{"id":57740,"date":"2024-05-02T12:09:20","date_gmt":"2024-05-02T10:09:20","guid":{"rendered":"https:\/\/www.helpyourrobot.de\/produkt\/rampes-dacces-en-bois-pour-robots-aspirateurs-jusqua-30-cm-de-hauteur\/"},"modified":"2025-11-04T12:32:06","modified_gmt":"2025-11-04T11:32:06","slug":"rampes-dacces-en-bois-pour-robots-aspirateurs-jusqua-30-cm-de-hauteur","status":"publish","type":"product","link":"https:\/\/helpyourrobot.de\/fr\/produit\/rampes-dacces-en-bois-pour-robots-aspirateurs-jusqua-30-cm-de-hauteur\/","title":{"rendered":"Rampes d&rsquo;acc\u00e8s en bois pour robots aspirateurs &#8211; jusqu&rsquo;\u00e0 30 cm de hauteur"},"content":{"rendered":"<p>Les marches et les seuils sont des obstacles infranchissables pour les robots aspirateurs. Nos rampes sur mesure s&rsquo;adaptent parfaitement \u00e0 votre maison et aident votre robot \u00e0 monter et \u00e0 descendre. Nos rampes d&rsquo;acc\u00e8s sont <strong>tr\u00e8s stables<\/strong> et <strong>peuvent \u00eatre emprunt\u00e9es<\/strong> sans probl\u00e8me, par exemple <strong>par un fauteuil roulant<\/strong>.<\/p>\n<ul>\n<li>La meilleure qualit\u00e9 directement du menuisier<\/li>\n<li>Sur mesure | Haute qualit\u00e9 | Style<\/li>\n<li>Des pentes adapt\u00e9es \u00e0 chaque robot aspirateur<\/li>\n<\/ul>\n<p>Nos rampes de marches et de seuils pour fauteuils roulants et d\u00e9ambulateurs sont d\u00e9sormais disponibles sur notre site affili\u00e9 <a href=\"https:\/\/www.Holzrampen.de\" target=\"_blank\" rel=\"noopener\">www.Holzrampen.de<\/a><\/p>\n","protected":false},"excerpt":{"rendered":"<p>Rampe d&rsquo;escalier sur mesure pour robot d&rsquo;aspiration en bois jusqu&rsquo;\u00e0 une hauteur de 30 cm &#8211; configuration libre<br \/>\nNos rampes d&rsquo;acc\u00e8s sont <strong>tr\u00e8s stables<\/strong> et <strong>peuvent \u00eatre emprunt\u00e9es<\/strong> sans probl\u00e8me, par exemple <strong>par un fauteuil roulant<\/strong>.<\/p>\n<p>Les marches et les seuils sont des obstacles infranchissables pour les robots aspirateurs. Nos rampes sur mesure s&rsquo;adaptent parfaitement \u00e0 votre maison et aident votre robot \u00e0 monter et \u00e0 descendre.<\/p>\n<ul>\n<li>La meilleure qualit\u00e9 directement du menuisier<\/li>\n<li>Sur mesure | Haute qualit\u00e9 | Style<\/li>\n<li>Des pentes adapt\u00e9es \u00e0 chaque robot aspirateur<\/li>\n<\/ul>\n<p>Nos rampes de marches et de seuils pour fauteuils roulants et d\u00e9ambulateurs sont d\u00e9sormais disponibles sur notre site affili\u00e9 <a href=\"https:\/\/www.Holzrampen.de\" target=\"_blank\" rel=\"noopener\">www.Holzrampen.de<\/a><\/p>\n","protected":false},"featured_media":61012,"comment_status":"open","ping_status":"closed","template":"","meta":{"_acf_changed":false},"product_brand":[],"product_cat":[324,204],"product_tag":[221,220,224,219,216,215,325,207,341,327,326,222,342,343,214,206,213,212],"class_list":{"0":"post-57740","1":"product","2":"type-product","3":"status-publish","4":"has-post-thumbnail","6":"product_cat-rampes-dacces-pour-robots-aspirateurs","7":"product_cat-rampes-de-seuil-pour-robots-aspirateurs","8":"product_tag-dreame-fr","9":"product_tag-ecovacs-fr","10":"product_tag-fabrication-sur-mesure","11":"product_tag-fabrique-en-allemagne","12":"product_tag-ilife-fr","13":"product_tag-irobot-fr","14":"product_tag-la-meilleure-qualite-directement-du-menuisier","15":"product_tag-rampe-fr","16":"product_tag-rampe-2-marches","17":"product_tag-rampe-a-gradins","18":"product_tag-rampe-daspirateur-robot","19":"product_tag-rampe-en-bois","20":"product_tag-rampe-marche","21":"product_tag-rampe-marche-fr","22":"product_tag-roborock-fr","23":"product_tag-robot-aspirateur","24":"product_tag-vorwerk-fr","25":"product_tag-xiaomi-fr","26":"product_shipping_class-rampes-de-seuil","27":"tm-has-options","29":"first","30":"instock","31":"featured","32":"taxable","33":"shipping-taxable","34":"purchasable","35":"product-type-simple"},"acf":[],"_links":{"self":[{"href":"https:\/\/helpyourrobot.de\/fr\/wp-json\/wp\/v2\/product\/57740","targetHints":{"allow":["GET"]}}],"collection":[{"href":"https:\/\/helpyourrobot.de\/fr\/wp-json\/wp\/v2\/product"}],"about":[{"href":"https:\/\/helpyourrobot.de\/fr\/wp-json\/wp\/v2\/types\/product"}],"replies":[{"embeddable":true,"href":"https:\/\/helpyourrobot.de\/fr\/wp-json\/wp\/v2\/comments?post=57740"}],"version-history":[{"count":0,"href":"https:\/\/helpyourrobot.de\/fr\/wp-json\/wp\/v2\/product\/57740\/revisions"}],"wp:featuredmedia":[{"embeddable":true,"href":"https:\/\/helpyourrobot.de\/fr\/wp-json\/wp\/v2\/media\/61012"}],"wp:attachment":[{"href":"https:\/\/helpyourrobot.de\/fr\/wp-json\/wp\/v2\/media?parent=57740"}],"wp:term":[{"taxonomy":"product_brand","embeddable":true,"href":"https:\/\/helpyourrobot.de\/fr\/wp-json\/wp\/v2\/product_brand?post=57740"},{"taxonomy":"product_cat","embeddable":true,"href":"https:\/\/helpyourrobot.de\/fr\/wp-json\/wp\/v2\/product_cat?post=57740"},{"taxonomy":"product_tag","embeddable":true,"href":"https:\/\/helpyourrobot.de\/fr\/wp-json\/wp\/v2\/product_tag?post=57740"}],"curies":[{"name":"wp","href":"https:\/\/api.w.org\/{rel}","templated":true}]}}