{"id":56107,"date":"2020-10-11T14:54:08","date_gmt":"2020-10-11T12:54:08","guid":{"rendered":"https:\/\/www.helpyourrobot.de\/produkt\/echantillon-a-voir-rampe-de-seuil-en-bois\/"},"modified":"2026-03-30T08:21:26","modified_gmt":"2026-03-30T06:21:26","slug":"echantillon-a-voir-rampe-de-seuil-en-bois","status":"publish","type":"product","link":"https:\/\/helpyourrobot.de\/fr\/produit\/echantillon-a-voir-rampe-de-seuil-en-bois\/","title":{"rendered":"\u00c9chantillon \u00e0 voir &#8211; Rampe de seuil en bois"},"content":{"rendered":"<p><strong>Si tu n&rsquo;es pas s\u00fbr de l&rsquo;essence de bois qui convient le mieux \u00e0 ton sol et si la qualit\u00e9 des rampes te convient, tu peux commander ici des \u00e9chantillons correspondants pour les voir.<br \/>\n<\/strong><br \/>\nJusqu&rsquo;\u00e0 <strong>3 \u00e9chantillons<\/strong> \u00e0 visualiser<\/p>\n<p>Les \u00e9chantillons sont accompagn\u00e9s d&rsquo;un bon d&rsquo;achat de 5 \u20ac que tu peux utiliser imm\u00e9diatement lors d&rsquo;une commande.<\/p>\n<p><span style=\"color: #800000;\"><br \/>\n  <strong>Remarque<\/strong><br \/>\n<\/span>Les \u00e9chantillons doivent nous \u00eatre retourn\u00e9s dans les 10 jours avec l&rsquo;\u00e9tiquette de retour fournie. Tout \u00e9chantillon qui n&rsquo;est pas retourn\u00e9 du tout ou qui est endommag\u00e9 est factur\u00e9 \u00e0 un montant forfaitaire de 20 \u20ac.<\/p>\n<p>Nous nous ferons \u00e9galement un plaisir de vous conseiller dans le choix de l&rsquo;essence de bois appropri\u00e9e. Pour cela, il suffit de nous envoyer une photo du seuil concern\u00e9. Les \u00e9chantillons sont d&rsquo;ailleurs tr\u00e8s utiles pour dissiper d&rsquo;\u00e9ventuelles incertitudes quant \u00e0 la capacit\u00e9 de votre propre robot-aspirateur \u00e0 g\u00e9rer les pentes de nos rampes.<\/p>\n","protected":false},"excerpt":{"rendered":"<p>Jusqu&rsquo;\u00e0 <strong>3 \u00e9chantillons<\/strong> <strong>\u00e0 visualiser<\/strong>.<\/p>\n<p>Les \u00e9chantillons sont accompagn\u00e9s d&rsquo;un bon d&rsquo;achat de 5 \u20ac que tu peux utiliser imm\u00e9diatement lors d&rsquo;une commande.<\/p>\n<p><span style=\"color: #800000;\"><br \/>\n  <strong>Remarque<\/strong><br \/>\n<\/span>Les \u00e9chantillons doivent nous \u00eatre <strong>retourn\u00e9s<\/strong> dans les <strong>10 jours<\/strong> \u00e0 l&rsquo;aide de l&rsquo;\u00e9tiquette de retour ci-jointe. Les \u00e9chantillons qui ne sont pas retourn\u00e9s ou qui sont endommag\u00e9s sont factur\u00e9s \u00e0 un prix forfaitaire de 20 \u20ac chacun.<\/p>\n","protected":false},"featured_media":56109,"comment_status":"open","ping_status":"closed","template":"","meta":{"_acf_changed":false},"product_brand":[],"product_cat":[204],"product_tag":[211,209,208,217,221,218,227,226,220,219,216,215,207,210,222,225,214,206,213,212],"class_list":{"0":"post-56107","1":"product","2":"type-product","3":"status-publish","4":"has-post-thumbnail","6":"product_cat-rampes-de-seuil-pour-robots-aspirateurs","7":"product_tag-aspirateur-robot","8":"product_tag-bois","9":"product_tag-bois-massif","10":"product_tag-bois-veritable","11":"product_tag-dreame-fr","12":"product_tag-du-menuisier","13":"product_tag-echantillon-de-bois","14":"product_tag-echantillons-a-tester","15":"product_tag-ecovacs-fr","16":"product_tag-fabrique-en-allemagne","17":"product_tag-ilife-fr","18":"product_tag-irobot-fr","19":"product_tag-rampe-fr","20":"product_tag-rampe-de-seuil-en-bois","21":"product_tag-rampe-en-bois","22":"product_tag-rampe-pour-robot-aspirateur","23":"product_tag-roborock-fr","24":"product_tag-robot-aspirateur","25":"product_tag-vorwerk-fr","26":"product_tag-xiaomi-fr","27":"product_shipping_class-rampes-de-seuil","28":"tm-has-options","30":"first","31":"instock","32":"featured","33":"taxable","34":"shipping-taxable","35":"purchasable","36":"product-type-simple"},"acf":[],"_links":{"self":[{"href":"https:\/\/helpyourrobot.de\/fr\/wp-json\/wp\/v2\/product\/56107","targetHints":{"allow":["GET"]}}],"collection":[{"href":"https:\/\/helpyourrobot.de\/fr\/wp-json\/wp\/v2\/product"}],"about":[{"href":"https:\/\/helpyourrobot.de\/fr\/wp-json\/wp\/v2\/types\/product"}],"replies":[{"embeddable":true,"href":"https:\/\/helpyourrobot.de\/fr\/wp-json\/wp\/v2\/comments?post=56107"}],"version-history":[{"count":0,"href":"https:\/\/helpyourrobot.de\/fr\/wp-json\/wp\/v2\/product\/56107\/revisions"}],"wp:featuredmedia":[{"embeddable":true,"href":"https:\/\/helpyourrobot.de\/fr\/wp-json\/wp\/v2\/media\/56109"}],"wp:attachment":[{"href":"https:\/\/helpyourrobot.de\/fr\/wp-json\/wp\/v2\/media?parent=56107"}],"wp:term":[{"taxonomy":"product_brand","embeddable":true,"href":"https:\/\/helpyourrobot.de\/fr\/wp-json\/wp\/v2\/product_brand?post=56107"},{"taxonomy":"product_cat","embeddable":true,"href":"https:\/\/helpyourrobot.de\/fr\/wp-json\/wp\/v2\/product_cat?post=56107"},{"taxonomy":"product_tag","embeddable":true,"href":"https:\/\/helpyourrobot.de\/fr\/wp-json\/wp\/v2\/product_tag?post=56107"}],"curies":[{"name":"wp","href":"https:\/\/api.w.org\/{rel}","templated":true}]}}