{"id":56093,"date":"2019-04-29T08:08:57","date_gmt":"2019-04-29T06:08:57","guid":{"rendered":"https:\/\/www.helpyourrobot.de\/produkt\/rampe-de-seuil-en-bois-pour-robot-aspirateur\/"},"modified":"2026-03-30T09:21:54","modified_gmt":"2026-03-30T07:21:54","slug":"rampe-de-seuil-en-bois-pour-robot-aspirateur","status":"publish","type":"product","link":"https:\/\/helpyourrobot.de\/fr\/produit\/rampe-de-seuil-en-bois-pour-robot-aspirateur\/","title":{"rendered":"Rampe de seuil en bois pour robot aspirateur &#8211; jusqu&rsquo;\u00e0 10 cm de hauteur"},"content":{"rendered":"\t\t<div data-elementor-type=\"product-post\" data-elementor-id=\"56093\" class=\"elementor elementor-56093 elementor-349\" data-elementor-post-type=\"product\">\n\t\t\t\t\t\t<section class=\"wd-negative-gap elementor-section elementor-top-section elementor-element elementor-element-5e81c45 elementor-section-boxed elementor-section-height-default elementor-section-height-default\" data-id=\"5e81c45\" data-element_type=\"section\" data-e-type=\"section\">\n\t\t\t\t\t\t<div class=\"elementor-container elementor-column-gap-default\">\n\t\t\t\t\t<div class=\"elementor-column elementor-col-100 elementor-top-column elementor-element elementor-element-869478c\" data-id=\"869478c\" data-element_type=\"column\" data-e-type=\"column\">\n\t\t\t<div class=\"elementor-widget-wrap\">\n\t\t\t\t\t\t\t<\/div>\n\t\t<\/div>\n\t\t\t\t\t<\/div>\n\t\t<\/section>\n\t\t\t\t<section class=\"wd-negative-gap elementor-section elementor-top-section elementor-element elementor-element-59094c18 elementor-section-boxed elementor-section-height-default elementor-section-height-default\" data-id=\"59094c18\" data-element_type=\"section\" data-e-type=\"section\">\n\t\t\t\t\t\t<div class=\"elementor-container elementor-column-gap-default\">\n\t\t\t\t\t<div class=\"elementor-column elementor-col-100 elementor-top-column elementor-element elementor-element-edb4815\" data-id=\"edb4815\" data-element_type=\"column\" data-e-type=\"column\">\n\t\t\t<div class=\"elementor-widget-wrap elementor-element-populated\">\n\t\t\t\t\t\t<div class=\"elementor-element elementor-element-38e021e2 color-scheme-inherit text-left elementor-widget elementor-widget-text-editor\" data-id=\"38e021e2\" data-element_type=\"widget\" data-e-type=\"widget\" data-widget_type=\"text-editor.default\">\n\t\t\t\t<div class=\"elementor-widget-container\">\n\t\t\t\t\t\t\t\t\t<h6>Cette rampe pour robot aspirateur permet \u00e0 votre assistant de franchir sans effort les seuils de porte les plus \u00e9lev\u00e9s. La fabrication est effectu\u00e9e individuellement selon tes indications dans une menuiserie en Allemagne. Il existe ici diff\u00e9rentes possibilit\u00e9s de configuration qui te permettent d&rsquo;adapter parfaitement la rampe \u00e0 ton domicile.<\/h6><h5><strong>Sur mesure, \u00e9l\u00e9gant et de grande qualit\u00e9<\/strong><\/h5><ul><li><span style=\"font-size: 14px; color: var( --e-global-color-text ); background-color: var(--bgcolor-white);\">Con\u00e7u et produit en Allemagne<\/span><\/li><li><span style=\"font-size: 14px; color: var( --e-global-color-text ); background-color: var(--bgcolor-white);\">Fabriqu\u00e9 dans une menuiserie artisanale<\/span><\/li><li><span style=\"font-size: 14px; color: var( --e-global-color-text ); background-color: var(--bgcolor-white);\">Bois de haute qualit\u00e9 issu de cultures \u00e9cologiques et durables<\/span><\/li><\/ul><p>Outre les dimensions individuelles telles que <strong>la longueur<\/strong> et <strong>la hauteur<\/strong>, tu as le choix entre<strong> l&rsquo;\u00e9pic\u00e9a, le h\u00eatre, le h\u00eatre de construction et le ch\u00eane<\/strong> pour l&rsquo;essence de bois.<\/p><h5>\u00a0<\/h5><h5>Pour la surface, tu as le choix entre<\/h5><ul><li>Naturel (non trait\u00e9, ponc\u00e9),<\/li><li>Huile pour bois (incolore),<\/li><li>Huile pour bois brune (h\u00eatre uniquement),<\/li><li>vernis transparent (scell\u00e9) et<\/li><li>laqu\u00e9 en couleur (blanc, cr\u00e8me, gris, noir) &#8211; \u00e0 partir de 5 pi\u00e8ces<\/li><\/ul><p>La variante non trait\u00e9e est suffisamment pr\u00e9par\u00e9e pour que tu puisses tr\u00e8s facilement l&rsquo;huiler ou la vernir toi-m\u00eame sans autres travaux pr\u00e9paratoires. Si tu utilises ta rampe dans des endroits o\u00f9 il faut s&rsquo;attendre \u00e0 des variations de temp\u00e9rature et \u00e0 de l&rsquo;humidit\u00e9, tu dois dans tous les cas la prot\u00e9ger avec un scellement (vernis transparent) pour \u00e9viter que le bois ne gonfle et ne se d\u00e9forme.<\/p><h5>\u00a0<\/h5><h5><strong>Sur demande<\/strong><\/h5><ul><li>Tailles sp\u00e9ciales<\/li><li>D\u00e9coupes<\/li><li>autres essences de bois (noyer, cerisier, m\u00e9l\u00e8ze, etc.) &#8211; \u00e0 partir de 5 pi\u00e8ces<\/li><li>Peinture individuelle en couleur (RAL) &#8211; \u00e0 partir de 5 pi\u00e8ces<\/li><\/ul><h5>\u00a0<\/h5><h5><strong>D\u00e9lai de livraison<\/strong><\/h5><p>Chaque rampe est une <strong>pi\u00e8ce unique de haute qualit\u00e9<\/strong>, con\u00e7ue et fabriqu\u00e9e individuellement selon tes indications. Pour cette raison, nous te prions de bien vouloir comprendre qu&rsquo;il peut s&rsquo;\u00e9couler <strong>2 \u00e0 8 jours ouvrables<\/strong> (du lundi au vendredi, hors jours f\u00e9ri\u00e9s) avant que ta commande ne te parvienne.<\/p><h5>\u00a0<\/h5><h5><strong>Montage<\/strong><\/h5><p>Sur demande, les rampes sont livr\u00e9es avec une <strong>bande de montage<\/strong> d\u00e9j\u00e0 appliqu\u00e9e. La rampe peut ainsi \u00eatre mont\u00e9e facilement sur des sols durs (parquet, stratifi\u00e9, carrelage, li\u00e8ge, vinyle). La bande de montage ne g\u00e9n\u00e8re pas de commande suppl\u00e9mentaire, il n&rsquo;est donc pas n\u00e9cessaire d&rsquo;en tenir compte lors de la mesure des seuils de porte. Si tu ne souhaites pas installer la rampe de mani\u00e8re permanente, il est important de s&rsquo;assurer qu&rsquo;elle ne puisse tout de m\u00eame pas glisser. Pour cela, tu as la possibilit\u00e9 de commander ta rampe avec <strong>une bande antid\u00e9rapante<\/strong>. <strong>Important <\/strong> : cela doit \u00eatre pris en compte avec une d\u00e9duction de <strong>1 mm en hauteur<\/strong>.<\/p><h5>\u00a0<\/h5><h5><strong>Mesurer correctement<\/strong><\/h5><p>Veuillez imp\u00e9rativement tenir compte de nos <a href=\"https:\/\/helpyourrobot.de\/fr\/instructions-de-mesure-pour-les-rampes-de-seuil\/\"><strong>Instructions de mesure<\/strong><\/a> <strong>et <\/strong><a href=\"https:\/\/helpyourrobot.de\/fr\/faq-questions-frequentes\/\"><strong>FAQ<\/strong><\/a>.<\/p><h5>\u00a0<\/h5><h5><strong>Le bois est un produit naturel <\/strong><\/h5><p>En tant que mat\u00e9riau moderne et \u00e9cologique, le bois est synonyme d&rsquo;habitat sain et durable et d&rsquo;un climat d&rsquo;habitation exceptionnel. Nous utilisons uniquement du bois de la meilleure qualit\u00e9. Il s&rsquo;agit d&rsquo;un produit naturel et peut donc pr\u00e9senter des diff\u00e9rences de couleur et des irr\u00e9gularit\u00e9s. <strong>Chaque morceau de bois est unique<\/strong>. Des diff\u00e9rences de structure et de couleur par rapport aux illustrations de notre site web sont donc possibles et sont une caract\u00e9ristique de l&rsquo;utilisation de bois v\u00e9ritable.<\/p><h5>\u00a0<\/h5><h5><strong>Le bois travaille<\/strong><\/h5><p>Le bois n&rsquo;est pas un mat\u00e9riau mort comme le plastique ou l&rsquo;acier. Il peut donc changer de volume en fonction des conditions environnementales, comme la temp\u00e9rature et l&rsquo;humidit\u00e9. Lorsque le bois absorbe de l&rsquo;humidit\u00e9, il se dilate, alors qu&rsquo;il se contracte lorsque l&rsquo;humidit\u00e9 de l&rsquo;air est faible. Cela peut entra\u00eener des diff\u00e9rences de dimensions et ne constitue pas un d\u00e9faut, mais est d\u00fb \u00e0 la nature du bois. Il ne permet donc pas non plus de faire valoir des droits de garantie. Des variations fr\u00e9quentes et importantes de la temp\u00e9rature ambiante ainsi que des <span style=\"font-size: 14px; color: var( --e-global-color-text ); background-color: var(--bgcolor-white);\">L&rsquo;humidit\u00e9 de l&rsquo;air peut raccourcir la dur\u00e9e de vie du bois et doit donc \u00eatre \u00e9vit\u00e9e. Ainsi, on pourra profiter longtemps de son produit en bois. <\/span><\/p>\t\t\t\t\t\t\t\t<\/div>\n\t\t\t\t<\/div>\n\t\t\t\t<div class=\"elementor-element elementor-element-e344cdc elementor-widget elementor-widget-heading\" data-id=\"e344cdc\" data-element_type=\"widget\" data-e-type=\"widget\" data-widget_type=\"heading.default\">\n\t\t\t\t<div class=\"elementor-widget-container\">\n\t\t\t\t\t<h2 class=\"elementor-heading-title elementor-size-default\"><h1 style=\"margin-bottom: var(--margin-bottom);font-style: normal;font-weight: var(--wd-entities-title-font-weight);font-family: var(--wd-entities-title-font);display: var(--page-title-display);text-transform: none;--page-title-display: block\">Rampe de seuil en bois pour robot aspirateur<\/h1><\/h2>\t\t\t\t<\/div>\n\t\t\t\t<\/div>\n\t\t\t\t\t<\/div>\n\t\t<\/div>\n\t\t\t\t\t<\/div>\n\t\t<\/section>\n\t\t\t\t<\/div>\n\t\t","protected":false},"excerpt":{"rendered":"<p>Rampe de seuil en bois sur mesure pour aspirateur robot, id\u00e9ale pour franchir les seuils de porte et transitions jusqu\u2019\u00e0 10 cm. Antid\u00e9rapante, silencieuse, stable et praticable \u00e0 pied.<\/p>\n","protected":false},"featured_media":61004,"comment_status":"open","ping_status":"closed","template":"","meta":{"_acf_changed":false},"product_brand":[],"product_cat":[204],"product_tag":[223,211,209,208,217,221,218,220,224,219,216,215,207,210,222,225,214,206,213,212],"class_list":{"0":"post-56093","1":"product","2":"type-product","3":"status-publish","4":"has-post-thumbnail","6":"product_cat-rampes-de-seuil-pour-robots-aspirateurs","7":"product_tag-aspirateur-robot-fr","8":"product_tag-aspirateur-robot","9":"product_tag-bois","10":"product_tag-bois-massif","11":"product_tag-bois-veritable","12":"product_tag-dreame-fr","13":"product_tag-du-menuisier","14":"product_tag-ecovacs-fr","15":"product_tag-fabrication-sur-mesure","16":"product_tag-fabrique-en-allemagne","17":"product_tag-ilife-fr","18":"product_tag-irobot-fr","19":"product_tag-rampe-fr","20":"product_tag-rampe-de-seuil-en-bois","21":"product_tag-rampe-en-bois","22":"product_tag-rampe-pour-robot-aspirateur","23":"product_tag-roborock-fr","24":"product_tag-robot-aspirateur","25":"product_tag-vorwerk-fr","26":"product_tag-xiaomi-fr","27":"product_shipping_class-rampes-de-seuil","28":"tm-has-options","30":"first","31":"instock","32":"featured","33":"taxable","34":"shipping-taxable","35":"purchasable","36":"product-type-simple"},"acf":[],"_links":{"self":[{"href":"https:\/\/helpyourrobot.de\/fr\/wp-json\/wp\/v2\/product\/56093","targetHints":{"allow":["GET"]}}],"collection":[{"href":"https:\/\/helpyourrobot.de\/fr\/wp-json\/wp\/v2\/product"}],"about":[{"href":"https:\/\/helpyourrobot.de\/fr\/wp-json\/wp\/v2\/types\/product"}],"replies":[{"embeddable":true,"href":"https:\/\/helpyourrobot.de\/fr\/wp-json\/wp\/v2\/comments?post=56093"}],"version-history":[{"count":3,"href":"https:\/\/helpyourrobot.de\/fr\/wp-json\/wp\/v2\/product\/56093\/revisions"}],"predecessor-version":[{"id":61098,"href":"https:\/\/helpyourrobot.de\/fr\/wp-json\/wp\/v2\/product\/56093\/revisions\/61098"}],"wp:featuredmedia":[{"embeddable":true,"href":"https:\/\/helpyourrobot.de\/fr\/wp-json\/wp\/v2\/media\/61004"}],"wp:attachment":[{"href":"https:\/\/helpyourrobot.de\/fr\/wp-json\/wp\/v2\/media?parent=56093"}],"wp:term":[{"taxonomy":"product_brand","embeddable":true,"href":"https:\/\/helpyourrobot.de\/fr\/wp-json\/wp\/v2\/product_brand?post=56093"},{"taxonomy":"product_cat","embeddable":true,"href":"https:\/\/helpyourrobot.de\/fr\/wp-json\/wp\/v2\/product_cat?post=56093"},{"taxonomy":"product_tag","embeddable":true,"href":"https:\/\/helpyourrobot.de\/fr\/wp-json\/wp\/v2\/product_tag?post=56093"}],"curies":[{"name":"wp","href":"https:\/\/api.w.org\/{rel}","templated":true}]}}