{"id":56212,"date":"2021-06-16T11:55:00","date_gmt":"2021-06-16T09:55:00","guid":{"rendered":"https:\/\/www.helpyourrobot.de\/modes-de-paiement\/"},"modified":"2024-05-03T08:23:44","modified_gmt":"2024-05-03T06:23:44","slug":"modes-de-paiement","status":"publish","type":"page","link":"https:\/\/helpyourrobot.de\/fr\/modes-de-paiement\/","title":{"rendered":"Modes de paiement"},"content":{"rendered":"\t\t<div data-elementor-type=\"wp-page\" data-elementor-id=\"56212\" class=\"elementor elementor-56212 elementor-49979\" data-elementor-post-type=\"page\">\n\t\t\t\t\t\t<section class=\"wd-negative-gap elementor-section elementor-top-section elementor-element elementor-element-3a51e7e elementor-section-boxed elementor-section-height-default elementor-section-height-default\" data-id=\"3a51e7e\" data-element_type=\"section\" data-e-type=\"section\">\n\t\t\t\t\t\t<div class=\"elementor-container elementor-column-gap-default\">\n\t\t\t\t\t<div class=\"elementor-column elementor-col-100 elementor-top-column elementor-element elementor-element-f6c78fe\" data-id=\"f6c78fe\" data-element_type=\"column\" data-e-type=\"column\">\n\t\t\t<div class=\"elementor-widget-wrap elementor-element-populated\">\n\t\t\t\t\t\t<div class=\"elementor-element elementor-element-25145f7 elementor-widget elementor-widget-heading\" data-id=\"25145f7\" data-element_type=\"widget\" data-e-type=\"widget\" data-widget_type=\"heading.default\">\n\t\t\t\t<div class=\"elementor-widget-container\">\n\t\t\t\t\t<h2 class=\"elementor-heading-title elementor-size-default\">Modes de paiement<\/h2>\t\t\t\t<\/div>\n\t\t\t\t<\/div>\n\t\t\t\t<div class=\"elementor-element elementor-element-6cd44ee color-scheme-inherit text-left elementor-widget elementor-widget-text-editor\" data-id=\"6cd44ee\" data-element_type=\"widget\" data-e-type=\"widget\" data-widget_type=\"text-editor.default\">\n\t\t\t\t<div class=\"elementor-widget-container\">\n\t\t\t\t\t\t\t\t\t<p>Nous te proposons les modes de paiement suivants. Choisis simplement le mode de paiement qui te convient le mieux. Nos prix sur le site web sont des prix finaux. En cas de livraison transfrontali\u00e8re, d&rsquo;autres imp\u00f4ts (par exemple en cas d&rsquo;acquisition intracommunautaire) et\/ou taxes (par exemple droits de douane) peuvent, dans certains cas, \u00eatre \u00e0 ta charge, non pas \u00e0 la n\u00f4tre mais \u00e0 celle des autorit\u00e9s douani\u00e8res ou fiscales locales comp\u00e9tentes. Les frais de livraison et d&rsquo;exp\u00e9dition ne sont pas inclus dans le prix d&rsquo;achat, ils peuvent \u00eatre consult\u00e9s sur la page <a href=\"https:\/\/www.helpyourrobot.de\/lieferzeit\/\">Frais d&rsquo;exp\u00e9dition<\/a>, sont indiqu\u00e9s s\u00e9par\u00e9ment au cours du processus de commande et sont \u00e0 ta charge.<\/p>\n<p>Nous te proposons les modes de paiement suivants :<\/p>\n<p><b>PayPal<\/b><\/p>\n<p><b>PayPal &#8211; Paiement diff\u00e9r\u00e9<\/b><\/p>\n<p><b>AmazonPay<\/b><\/p>\n<p><b>Cartes de d\u00e9bit et de cr\u00e9dit (VISA, MasterCard, American Express)<\/b><\/p>\n<p><strong>V<\/strong><b>orkasse \/ Virement bancaire direct<\/b><\/p>\n<p><u>Nos coordonn\u00e9es bancaires<\/u>:<br \/><span style=\"font-size: 14px; color: var( --e-global-color-text ); background-color: var(--wd-main-bgcolor);\">Titulaire du compte : Dr.-Ing. Stefan St\u00fcmper<br \/><\/span><span style=\"font-size: 14px; color: var( --e-global-color-text ); background-color: var(--wd-main-bgcolor);\">Institut de cr\u00e9dit : N26 Bank<br \/><\/span><span style=\"font-size: 14px; color: var( --e-global-color-text ); background-color: var(--wd-main-bgcolor);\">IBAN : DE94100110012622577519<br \/><\/span><span style=\"font-size: 14px; color: var( --e-global-color-text ); background-color: var(--wd-main-bgcolor);\">BIC \/ SWIFT : NTSBDEB1XXX<\/span><\/p>\n\t\t\t\t\t\t\t\t<\/div>\n\t\t\t\t<\/div>\n\t\t\t\t\t<\/div>\n\t\t<\/div>\n\t\t\t\t\t<\/div>\n\t\t<\/section>\n\t\t\t\t<\/div>\n\t\t","protected":false},"excerpt":{"rendered":"<p>Modes de paiement Nous te proposons les modes de paiement suivants. Choisis simplement le mode de paiement qui te convient<\/p>\n","protected":false},"author":1,"featured_media":0,"parent":0,"menu_order":0,"comment_status":"closed","ping_status":"closed","template":"","meta":{"_acf_changed":false,"footnotes":""},"class_list":["post-56212","page","type-page","status-publish","hentry"],"acf":[],"_links":{"self":[{"href":"https:\/\/helpyourrobot.de\/fr\/wp-json\/wp\/v2\/pages\/56212","targetHints":{"allow":["GET"]}}],"collection":[{"href":"https:\/\/helpyourrobot.de\/fr\/wp-json\/wp\/v2\/pages"}],"about":[{"href":"https:\/\/helpyourrobot.de\/fr\/wp-json\/wp\/v2\/types\/page"}],"author":[{"embeddable":true,"href":"https:\/\/helpyourrobot.de\/fr\/wp-json\/wp\/v2\/users\/1"}],"replies":[{"embeddable":true,"href":"https:\/\/helpyourrobot.de\/fr\/wp-json\/wp\/v2\/comments?post=56212"}],"version-history":[{"count":0,"href":"https:\/\/helpyourrobot.de\/fr\/wp-json\/wp\/v2\/pages\/56212\/revisions"}],"wp:attachment":[{"href":"https:\/\/helpyourrobot.de\/fr\/wp-json\/wp\/v2\/media?parent=56212"}],"curies":[{"name":"wp","href":"https:\/\/api.w.org\/{rel}","templated":true}]}}