{"id":57125,"date":"2020-10-11T14:54:08","date_gmt":"2020-10-11T12:54:08","guid":{"rendered":"https:\/\/www.helpyourrobot.de\/produkt\/muestra-para-ver-rampa-de-madera-para-umbral-de-puerta\/"},"modified":"2026-03-30T08:21:26","modified_gmt":"2026-03-30T06:21:26","slug":"muestra-para-ver-rampa-de-madera-para-umbral-de-puerta","status":"publish","type":"product","link":"https:\/\/helpyourrobot.de\/es\/producto\/muestra-para-ver-rampa-de-madera-para-umbral-de-puerta\/","title":{"rendered":"Muestra para ver &#8211; Rampa de madera para umbral de puerta"},"content":{"rendered":"<p><strong>Si no est\u00e1 seguro de qu\u00e9 tipo de madera se adapta mejor a su suelo y de si le gusta la calidad de las rampas, puede pedir muestras para verlas aqu\u00ed.<br \/>\n<\/strong><br \/>\nHasta <strong>3 muestras<\/strong> para ver<\/p>\n<p>Las muestras van acompa\u00f1adas de un vale de 5 euros, que puede canjear al hacer su pedido.<\/p>\n<p><span style=\"color: #800000;\"><strong>Tenga en cuenta que<\/strong><\/span>Las muestras deben devolverse en un plazo de 10 d\u00edas con la etiqueta de devoluci\u00f3n adjunta. Cobramos una tarifa plana de 20 euros por cada muestra que no se devuelva o se devuelva da\u00f1ada.<\/p>\n<p>Tambi\u00e9n estaremos encantados de asesorarle en la elecci\u00f3n de un tipo de madera adecuado. S\u00f3lo tiene que enviarnos una foto del umbral afectado. Por cierto, las muestras tambi\u00e9n son muy buenas para despejar cualquier duda sobre si su propio robot aspirador puede hacer frente a la inclinaci\u00f3n de nuestras rampas.<\/p>\n","protected":false},"excerpt":{"rendered":"<p>Hasta <strong>3 muestras<\/strong> <strong>para ver<\/strong>.<\/p>\n<p>Las muestras van acompa\u00f1adas de un vale de 5 euros, que puede canjear al hacer su pedido.<\/p>\n<p><span style=\"color: #800000;\"><strong>Tenga en cuenta que<\/strong><\/span>Las muestras deben <strong>devolverse<\/strong> en <strong>un plazo de 10 d\u00edas<\/strong> utilizando la etiqueta de devoluci\u00f3n adjunta. Las muestras que no se devuelvan o se devuelvan da\u00f1adas se cobrar\u00e1n a tanto alzado a 20 euros cada una.<\/p>\n","protected":false},"featured_media":57126,"comment_status":"open","ping_status":"closed","template":"","meta":{"_acf_changed":false},"product_brand":[],"product_cat":[266],"product_tag":[280,283,282,281,278,277,271,279,270,289,290,269,284,272,288,276,268,273,275,274],"class_list":{"0":"post-57125","1":"product","2":"type-product","3":"status-publish","4":"has-post-thumbnail","6":"product_cat-rampas-de-umbral-de-puerta-para-robots-aspiradores","7":"product_tag-del-carpintero","8":"product_tag-dreame-es","9":"product_tag-ecovacs-es","10":"product_tag-fabricado-en-alemania","11":"product_tag-ilife-es","12":"product_tag-irobot-es","13":"product_tag-madera","14":"product_tag-madera-autentica","15":"product_tag-madera-maciza","16":"product_tag-muestras-para-pruebas","17":"product_tag-patron-de-madera","18":"product_tag-rampa","19":"product_tag-rampa-de-madera","20":"product_tag-rampa-de-madera-para-umbral-de-puerta","21":"product_tag-rampa-para-robots-aspiradores","22":"product_tag-roborock-es","23":"product_tag-robot-aspirador","24":"product_tag-robot-aspirador-es","25":"product_tag-vorwerk-es","26":"product_tag-xiaomi-es","27":"product_shipping_class-rampas-de-umbral","28":"tm-has-options","30":"first","31":"instock","32":"featured","33":"taxable","34":"shipping-taxable","35":"purchasable","36":"product-type-simple"},"acf":[],"_links":{"self":[{"href":"https:\/\/helpyourrobot.de\/es\/wp-json\/wp\/v2\/product\/57125","targetHints":{"allow":["GET"]}}],"collection":[{"href":"https:\/\/helpyourrobot.de\/es\/wp-json\/wp\/v2\/product"}],"about":[{"href":"https:\/\/helpyourrobot.de\/es\/wp-json\/wp\/v2\/types\/product"}],"replies":[{"embeddable":true,"href":"https:\/\/helpyourrobot.de\/es\/wp-json\/wp\/v2\/comments?post=57125"}],"version-history":[{"count":0,"href":"https:\/\/helpyourrobot.de\/es\/wp-json\/wp\/v2\/product\/57125\/revisions"}],"wp:featuredmedia":[{"embeddable":true,"href":"https:\/\/helpyourrobot.de\/es\/wp-json\/wp\/v2\/media\/57126"}],"wp:attachment":[{"href":"https:\/\/helpyourrobot.de\/es\/wp-json\/wp\/v2\/media?parent=57125"}],"wp:term":[{"taxonomy":"product_brand","embeddable":true,"href":"https:\/\/helpyourrobot.de\/es\/wp-json\/wp\/v2\/product_brand?post=57125"},{"taxonomy":"product_cat","embeddable":true,"href":"https:\/\/helpyourrobot.de\/es\/wp-json\/wp\/v2\/product_cat?post=57125"},{"taxonomy":"product_tag","embeddable":true,"href":"https:\/\/helpyourrobot.de\/es\/wp-json\/wp\/v2\/product_tag?post=57125"}],"curies":[{"name":"wp","href":"https:\/\/api.w.org\/{rel}","templated":true}]}}