{"id":57117,"date":"2019-04-29T08:08:57","date_gmt":"2019-04-29T06:08:57","guid":{"rendered":"https:\/\/www.helpyourrobot.de\/produkt\/rampa-de-madera-para-umbral-de-puerta-para-robots-aspiradores\/"},"modified":"2026-03-30T09:21:54","modified_gmt":"2026-03-30T07:21:54","slug":"rampa-de-umbral-para-robot-aspirador","status":"publish","type":"product","link":"https:\/\/helpyourrobot.de\/es\/producto\/rampa-de-umbral-para-robot-aspirador\/","title":{"rendered":"Rampa de umbral para robot aspirador \u2013 a medida hasta 10 cm"},"content":{"rendered":"\t\t<div data-elementor-type=\"product-post\" data-elementor-id=\"57117\" class=\"elementor elementor-57117 elementor-349\" data-elementor-post-type=\"product\">\n\t\t\t\t\t\t<section class=\"wd-negative-gap elementor-section elementor-top-section elementor-element elementor-element-5e81c45 elementor-section-boxed elementor-section-height-default elementor-section-height-default\" data-id=\"5e81c45\" data-element_type=\"section\" data-e-type=\"section\">\n\t\t\t\t\t\t<div class=\"elementor-container elementor-column-gap-default\">\n\t\t\t\t\t<div class=\"elementor-column elementor-col-100 elementor-top-column elementor-element elementor-element-869478c\" data-id=\"869478c\" data-element_type=\"column\" data-e-type=\"column\">\n\t\t\t<div class=\"elementor-widget-wrap elementor-element-populated\">\n\t\t\t\t\t\t<div class=\"elementor-element elementor-element-e344cdc elementor-widget elementor-widget-heading\" data-id=\"e344cdc\" data-element_type=\"widget\" data-e-type=\"widget\" data-widget_type=\"heading.default\">\n\t\t\t\t<div class=\"elementor-widget-container\">\n\t\t\t\t\t<h2 class=\"elementor-heading-title elementor-size-default\"><h1 style=\"margin-bottom: var(--margin-bottom);font-style: normal;font-weight: var(--wd-entities-title-font-weight);font-family: var(--wd-entities-title-font);display: var(--page-title-display);text-transform: none;--page-title-display: block\">Rampa de madera para umbral de puerta para robots aspiradores<\/h1><\/h2>\t\t\t\t<\/div>\n\t\t\t\t<\/div>\n\t\t\t\t\t<\/div>\n\t\t<\/div>\n\t\t\t\t\t<\/div>\n\t\t<\/section>\n\t\t\t\t<section class=\"wd-negative-gap elementor-section elementor-top-section elementor-element elementor-element-59094c18 elementor-section-boxed elementor-section-height-default elementor-section-height-default\" data-id=\"59094c18\" data-element_type=\"section\" data-e-type=\"section\">\n\t\t\t\t\t\t<div class=\"elementor-container elementor-column-gap-default\">\n\t\t\t\t\t<div class=\"elementor-column elementor-col-100 elementor-top-column elementor-element elementor-element-edb4815\" data-id=\"edb4815\" data-element_type=\"column\" data-e-type=\"column\">\n\t\t\t<div class=\"elementor-widget-wrap elementor-element-populated\">\n\t\t\t\t\t\t<div class=\"elementor-element elementor-element-38e021e2 color-scheme-inherit text-left elementor-widget elementor-widget-text-editor\" data-id=\"38e021e2\" data-element_type=\"widget\" data-e-type=\"widget\" data-widget_type=\"text-editor.default\">\n\t\t\t\t<div class=\"elementor-widget-container\">\n\t\t\t\t\t\t\t\t\t<h6>Esta rampa permite a su robot aspirador superar con facilidad incluso umbrales de puerta altos. La producci\u00f3n se personaliza seg\u00fan sus especificaciones en un taller de carpinter\u00eda de Alemania. Existen varias opciones de configuraci\u00f3n que le permiten adaptar la rampa perfectamente a su hogar.<\/h6>\n<h5><strong>Personalizado, elegante y de alta calidad<\/strong><\/h5>\n<ul>\n<li><span style=\"font-size: 14px; color: var( --e-global-color-text ); background-color: var(--bgcolor-white);\">Dise\u00f1ado y fabricado en Alemania<\/span><\/li>\n<li><span style=\"font-size: 14px; color: var( --e-global-color-text ); background-color: var(--bgcolor-white);\">Fabricado en un taller maestro de carpinter\u00eda<\/span><\/li>\n<li><span style=\"font-size: 14px; color: var( --e-global-color-text ); background-color: var(--bgcolor-white);\">Madera de alta calidad procedente de cultivos ecol\u00f3gicos y sostenibles<\/span><\/li>\n<\/ul>\n<ul>\n<\/ul>\n<p>Adem\u00e1s de las dimensiones individuales, como la <strong>longitud<\/strong> y la <strong>altura<\/strong>, puede elegir entre<strong> abeto, haya, haya y roble<\/strong>.&nbsp;<\/p>\n<h5><br><\/h5>\n<h5>Para la superficie, puede elegir entre<\/h5>\n<ul>\n<li>Natural (sin tratar, lijado), <\/li>\n<li>Aceite de madera (incoloro),<\/li>\n<li>Aceite de madera marr\u00f3n (s\u00f3lo haya),&nbsp;<\/li>\n<li>Laca transparente (sellada) y&nbsp;<\/li>\n<li>Lacado en color (blanco, crema, gris, negro) &#8211; a partir de 5 piezas<\/li>\n<\/ul>\n<p>La versi\u00f3n sin tratar est\u00e1 preparada hasta tal punto que usted mismo puede aceitarla o barnizarla f\u00e1cilmente sin ning\u00fan otro trabajo preparatorio. Si utilizas tu rampa en zonas en las que cabe esperar fluctuaciones de temperatura y humedad, debes protegerla siempre con un sellador (barniz transparente) para evitar que la madera se hinche y se deforme.<\/p>\n<h5><strong><br><\/strong><\/h5>\n<h5><strong>A petici\u00f3n<\/strong><\/h5>\n<ul>\n<li>Tallas especiales<\/li>\n<li>Recesos<\/li>\n<li>otros tipos de madera (nogal, cerezo, alerce, etc.) &#8211; a partir de 5 piezas<\/li>\n<li>Lacado individual en color (RAL) &#8211; a partir de 5 piezas<\/li>\n<\/ul>\n<h5><strong><br><\/strong><\/h5>\n<h5><strong>Plazo de entrega<\/strong><\/h5>\n<p>Cada rampa es un <strong>producto personalizado de alta calidad<\/strong> que se dise\u00f1a y fabrica individualmente seg\u00fan sus especificaciones. Por este motivo, le rogamos que comprenda que su pedido puede tardar <strong>entre 2 y 8 d\u00edas laborables<\/strong> (de lunes a viernes, excepto festivos) en llegar a sus manos.&nbsp;<\/p>\n<h5><strong><br><\/strong><\/h5>\n<h5><strong>Montaje<\/strong><\/h5>\n<p>Bajo pedido, las rampas pueden suministrarse con <strong>cinta de montaje<\/strong> ya aplicada. Esto permite montar f\u00e1cilmente la rampa en suelos duros (parquet, laminado, baldosas, corcho, vinilo). La bisagra de montaje no genera ning\u00fan pedido adicional, por lo que no es necesario tenerla en cuenta a la hora de medir los umbrales de las puertas. Si no desea instalar la rampa de forma permanente, es importante asegurarse de que no pueda resbalar. Tiene la opci\u00f3n de pedir su rampa con <strong>cinta antideslizante<\/strong>. <strong>Importante<\/strong>: Debe tenerse en cuenta con una <strong>deducci\u00f3n de 1 mm de altura<\/strong>.<\/p>\n<p><\/p>\n<h5><strong><br><\/strong><\/h5>\n<h5><strong>Medir correctamente<\/strong><\/h5>\n<p>Tenga en cuenta nuestras <a href=\"https:\/\/www.helpyourrobot.de\/es\/instrucciones-de-medicion-para-rampas-de-umbral-de-puerta\/\"><strong>instrucciones de medici\u00f3n<\/strong><\/a>&nbsp;<strong>y <\/strong><a href=\"https:\/\/www.helpyourrobot.de\/es\/faq-preguntas-mas-frecuentes\/\"><strong>PREGUNTAS FRECUENTES<\/strong><\/a>.<\/p>\n<h5><strong><br><\/strong><\/h5>\n<h5><strong>La madera es un producto natural <\/strong><\/h5>\n<p><\/p>\n<p><\/p>\n<p>Como material moderno y ecol\u00f3gico, la madera es sin\u00f3nimo de vida sana y sostenible y de un excelente clima interior. S\u00f3lo utilizamos madera de la mejor calidad. Es un producto natural, por lo que puede presentar diferencias de color e irregularidades. <strong>Cada pieza de madera es \u00fanica<\/strong>. Por lo tanto, es posible que se produzcan desviaciones en la estructura y el color con respecto a las ilustraciones de nuestro sitio web, lo cual es se\u00f1al del uso de madera aut\u00e9ntica.<\/p>\n<p><\/p>\n<p><\/p>\n<h5><strong><br><\/strong><\/h5>\n<h5><strong>Trabajos en madera<\/strong><\/h5>\n<p><\/p>\n<p><\/p>\n<p>La madera no es un material muerto como el pl\u00e1stico o el acero. Por tanto, puede cambiar su volumen en funci\u00f3n de las condiciones ambientales, como la temperatura y la humedad. Cuando la madera absorbe humedad, se expande, pero cuando la humedad es baja, se contrae. Esto puede dar lugar a desviaciones dimensionales y no constituye un defecto, sino que se debe a la naturaleza de la madera. Por tanto, no autoriza a hacer valer derechos de garant\u00eda. Las fluctuaciones frecuentes y fuertes de la temperatura ambiente y la&nbsp;<span style=\"font-size: 14px; color: var( --e-global-color-text ); background-color: var(--bgcolor-white);\">La humedad puede acortar la vida de la madera, por lo que debe evitarse. As\u00ed podr\u00e1 disfrutar de su producto de madera durante mucho tiempo.&nbsp;<\/span><\/p>\n<p><\/p>\n<p><\/p>\t\t\t\t\t\t\t\t<\/div>\n\t\t\t\t<\/div>\n\t\t\t\t\t<\/div>\n\t\t<\/div>\n\t\t\t\t\t<\/div>\n\t\t<\/section>\n\t\t\t\t<\/div>\n\t\t","protected":false},"excerpt":{"rendered":"<p>Rampa de umbral para robot aspirador de madera a medida, ideal para superar umbrales y transiciones hasta 10 cm. Antideslizante, silenciosa y estable, tambi\u00e9n apta para pisar.<\/p>\n","protected":false},"featured_media":61003,"comment_status":"open","ping_status":"closed","template":"","meta":{"_acf_changed":false},"product_brand":[],"product_cat":[266],"product_tag":[286,280,283,282,281,278,277,271,279,270,269,284,272,288,276,285,268,273,275,274],"class_list":{"0":"post-57117","1":"product","2":"type-product","3":"status-publish","4":"has-post-thumbnail","6":"product_cat-rampas-de-umbral-de-puerta-para-robots-aspiradores","7":"product_tag-a-medida","8":"product_tag-del-carpintero","9":"product_tag-dreame-es","10":"product_tag-ecovacs-es","11":"product_tag-fabricado-en-alemania","12":"product_tag-ilife-es","13":"product_tag-irobot-es","14":"product_tag-madera","15":"product_tag-madera-autentica","16":"product_tag-madera-maciza","17":"product_tag-rampa","18":"product_tag-rampa-de-madera","19":"product_tag-rampa-de-madera-para-umbral-de-puerta","20":"product_tag-rampa-para-robots-aspiradores","21":"product_tag-roborock-es","22":"product_tag-robot-aspirador-es-2","23":"product_tag-robot-aspirador","24":"product_tag-robot-aspirador-es","25":"product_tag-vorwerk-es","26":"product_tag-xiaomi-es","27":"product_shipping_class-rampas-de-umbral","28":"tm-has-options","30":"first","31":"instock","32":"featured","33":"taxable","34":"shipping-taxable","35":"purchasable","36":"product-type-simple"},"acf":[],"_links":{"self":[{"href":"https:\/\/helpyourrobot.de\/es\/wp-json\/wp\/v2\/product\/57117","targetHints":{"allow":["GET"]}}],"collection":[{"href":"https:\/\/helpyourrobot.de\/es\/wp-json\/wp\/v2\/product"}],"about":[{"href":"https:\/\/helpyourrobot.de\/es\/wp-json\/wp\/v2\/types\/product"}],"replies":[{"embeddable":true,"href":"https:\/\/helpyourrobot.de\/es\/wp-json\/wp\/v2\/comments?post=57117"}],"version-history":[{"count":0,"href":"https:\/\/helpyourrobot.de\/es\/wp-json\/wp\/v2\/product\/57117\/revisions"}],"wp:featuredmedia":[{"embeddable":true,"href":"https:\/\/helpyourrobot.de\/es\/wp-json\/wp\/v2\/media\/61003"}],"wp:attachment":[{"href":"https:\/\/helpyourrobot.de\/es\/wp-json\/wp\/v2\/media?parent=57117"}],"wp:term":[{"taxonomy":"product_brand","embeddable":true,"href":"https:\/\/helpyourrobot.de\/es\/wp-json\/wp\/v2\/product_brand?post=57117"},{"taxonomy":"product_cat","embeddable":true,"href":"https:\/\/helpyourrobot.de\/es\/wp-json\/wp\/v2\/product_cat?post=57117"},{"taxonomy":"product_tag","embeddable":true,"href":"https:\/\/helpyourrobot.de\/es\/wp-json\/wp\/v2\/product_tag?post=57117"}],"curies":[{"name":"wp","href":"https:\/\/api.w.org\/{rel}","templated":true}]}}