{"id":57115,"date":"2021-06-16T11:55:00","date_gmt":"2021-06-16T09:55:00","guid":{"rendered":"https:\/\/www.helpyourrobot.de\/formas-de-pago\/"},"modified":"2024-05-03T08:23:34","modified_gmt":"2024-05-03T06:23:34","slug":"formas-de-pago","status":"publish","type":"page","link":"https:\/\/helpyourrobot.de\/es\/formas-de-pago\/","title":{"rendered":"Formas de pago"},"content":{"rendered":"\t\t<div data-elementor-type=\"wp-page\" data-elementor-id=\"57115\" class=\"elementor elementor-57115 elementor-49979\" data-elementor-post-type=\"page\">\n\t\t\t\t\t\t<section class=\"wd-negative-gap elementor-section elementor-top-section elementor-element elementor-element-3a51e7e elementor-section-boxed elementor-section-height-default elementor-section-height-default\" data-id=\"3a51e7e\" data-element_type=\"section\" data-e-type=\"section\">\n\t\t\t\t\t\t<div class=\"elementor-container elementor-column-gap-default\">\n\t\t\t\t\t<div class=\"elementor-column elementor-col-100 elementor-top-column elementor-element elementor-element-f6c78fe\" data-id=\"f6c78fe\" data-element_type=\"column\" data-e-type=\"column\">\n\t\t\t<div class=\"elementor-widget-wrap elementor-element-populated\">\n\t\t\t\t\t\t<div class=\"elementor-element elementor-element-25145f7 elementor-widget elementor-widget-heading\" data-id=\"25145f7\" data-element_type=\"widget\" data-e-type=\"widget\" data-widget_type=\"heading.default\">\n\t\t\t\t<div class=\"elementor-widget-container\">\n\t\t\t\t\t<h2 class=\"elementor-heading-title elementor-size-default\">Formas de pago<\/h2>\t\t\t\t<\/div>\n\t\t\t\t<\/div>\n\t\t\t\t<div class=\"elementor-element elementor-element-6cd44ee color-scheme-inherit text-left elementor-widget elementor-widget-text-editor\" data-id=\"6cd44ee\" data-element_type=\"widget\" data-e-type=\"widget\" data-widget_type=\"text-editor.default\">\n\t\t\t\t<div class=\"elementor-widget-container\">\n\t\t\t\t\t\t\t\t\t<p>Ofrecemos los siguientes m\u00e9todos de pago. S\u00f3lo tienes que elegir la forma de pago que m\u00e1s te convenga. Nuestros precios en el sitio web son precios finales. En el caso de entregas transfronterizas, es posible que debas abonar otros impuestos (por ejemplo, en el caso de una adquisici\u00f3n intracomunitaria) y\/o derechos (por ejemplo, derechos de aduana) en casos concretos, pero no a nosotros, sino a las autoridades aduaneras o fiscales all\u00ed competentes. Los gastos de entrega y env\u00edo en que se incurra no est\u00e1n incluidos en el precio de compra, pueden consultarse a trav\u00e9s de la p\u00e1gina de <a href=\"https:\/\/www.helpyourrobot.de\/lieferzeit\/\">gastos de env\u00edo<\/a>, se muestran por separado durante el proceso de pedido y corren por tu cuenta adicionalmente.<\/p>\n<p>Ofrecemos los siguientes m\u00e9todos de pago:<\/p>\n<p><b>PayPal<\/b><\/p>\n<p><b>PayPal &#8211; Pagar m\u00e1s tarde<\/b><\/p>\n<p><b>AmazonPay<\/b><\/p>\n<p><b>Tarjetas de d\u00e9bito y cr\u00e9dito (VISA, MasterCard, American Express)<\/b><\/p>\n<p><strong>V<\/strong><b>orkasse \/ Transferencia bancaria directa<\/b><\/p>\n<p><u>Nuestros datos bancarios<\/u>:<br \/><span style=\"font-size: 14px; color: var( --e-global-color-text ); background-color: var(--wd-main-bgcolor);\">Titular de la cuenta: Dr.-Ing. Stefan St\u00fcmper<br \/><\/span><span style=\"font-size: 14px; color: var( --e-global-color-text ); background-color: var(--wd-main-bgcolor);\">Entidad de cr\u00e9dito: Banco N26<br \/><\/span><span style=\"font-size: 14px; color: var( --e-global-color-text ); background-color: var(--wd-main-bgcolor);\">IBAN: DE94100110012622577519<br \/><\/span><span style=\"font-size: 14px; color: var( --e-global-color-text ); background-color: var(--wd-main-bgcolor);\">BIC \/ SWIFT: NTSBDEB1XXX<\/span><\/p>\n\t\t\t\t\t\t\t\t<\/div>\n\t\t\t\t<\/div>\n\t\t\t\t\t<\/div>\n\t\t<\/div>\n\t\t\t\t\t<\/div>\n\t\t<\/section>\n\t\t\t\t<\/div>\n\t\t","protected":false},"excerpt":{"rendered":"<p>Formas de pago Ofrecemos los siguientes m\u00e9todos de pago. S\u00f3lo tienes que elegir la forma de pago que m\u00e1s te<\/p>\n","protected":false},"author":1,"featured_media":0,"parent":0,"menu_order":0,"comment_status":"closed","ping_status":"closed","template":"","meta":{"_acf_changed":false,"footnotes":""},"class_list":["post-57115","page","type-page","status-publish","hentry"],"acf":[],"_links":{"self":[{"href":"https:\/\/helpyourrobot.de\/es\/wp-json\/wp\/v2\/pages\/57115","targetHints":{"allow":["GET"]}}],"collection":[{"href":"https:\/\/helpyourrobot.de\/es\/wp-json\/wp\/v2\/pages"}],"about":[{"href":"https:\/\/helpyourrobot.de\/es\/wp-json\/wp\/v2\/types\/page"}],"author":[{"embeddable":true,"href":"https:\/\/helpyourrobot.de\/es\/wp-json\/wp\/v2\/users\/1"}],"replies":[{"embeddable":true,"href":"https:\/\/helpyourrobot.de\/es\/wp-json\/wp\/v2\/comments?post=57115"}],"version-history":[{"count":0,"href":"https:\/\/helpyourrobot.de\/es\/wp-json\/wp\/v2\/pages\/57115\/revisions"}],"wp:attachment":[{"href":"https:\/\/helpyourrobot.de\/es\/wp-json\/wp\/v2\/media?parent=57115"}],"curies":[{"name":"wp","href":"https:\/\/api.w.org\/{rel}","templated":true}]}}