{"id":57057,"date":"2018-11-09T19:29:12","date_gmt":"2018-11-09T18:29:12","guid":{"rendered":"https:\/\/www.helpyourrobot.de\/impressum\/"},"modified":"2024-07-08T09:36:17","modified_gmt":"2024-07-08T07:36:17","slug":"impressum","status":"publish","type":"page","link":"https:\/\/helpyourrobot.de\/es\/impressum\/","title":{"rendered":"Imprimir"},"content":{"rendered":"\t\t<div data-elementor-type=\"wp-page\" data-elementor-id=\"57057\" class=\"elementor elementor-57057 elementor-34\" data-elementor-post-type=\"page\">\n\t\t\t\t\t\t<section class=\"wd-negative-gap elementor-section elementor-top-section elementor-element elementor-element-39a8907 elementor-section-boxed elementor-section-height-default elementor-section-height-default\" data-id=\"39a8907\" data-element_type=\"section\" data-e-type=\"section\">\n\t\t\t\t\t\t<div class=\"elementor-container elementor-column-gap-default\">\n\t\t\t\t\t<div class=\"elementor-column elementor-col-100 elementor-top-column elementor-element elementor-element-8d25dc7\" data-id=\"8d25dc7\" data-element_type=\"column\" data-e-type=\"column\">\n\t\t\t<div class=\"elementor-widget-wrap elementor-element-populated\">\n\t\t\t\t\t\t<div class=\"elementor-element elementor-element-fe1847e elementor-widget elementor-widget-heading\" data-id=\"fe1847e\" data-element_type=\"widget\" data-e-type=\"widget\" data-widget_type=\"heading.default\">\n\t\t\t\t<div class=\"elementor-widget-container\">\n\t\t\t\t\t<h2 class=\"elementor-heading-title elementor-size-default\">Imprimir<\/h2>\t\t\t\t<\/div>\n\t\t\t\t<\/div>\n\t\t\t\t<div class=\"elementor-element elementor-element-22e39fa color-scheme-inherit text-left elementor-widget elementor-widget-text-editor\" data-id=\"22e39fa\" data-element_type=\"widget\" data-e-type=\"widget\" data-widget_type=\"text-editor.default\">\n\t\t\t\t<div class=\"elementor-widget-container\">\n\t\t\t\t\t\t\t\t\t<p><\/p>\n<p><strong>H<\/strong><b>elpYourRobot<\/b><br>Soporte Dr.-Ing. Stefan St\u00fcmper <br>Pappenbergerstra\u00dfe 17<br>85072 Eichst\u00e4tt<\/p>\n<p><\/p>\n<p><\/p>\n<p>Tel\u00e9fono: +49 151 23233135<br>E-Mail: <a href=\"mailto:Kontakt@HelpYourRobot.de\">Kontakt@HelpYourRobot.de<\/a><br>Internet: <a href=\"http:\/\/www.helpyourrobot.de\">www.HelpYourRobot.de<\/a><\/p>\n<p>N\u00famero de identificaci\u00f3n fiscal: DE 332 498 491<br>Responsable del contenido: Dr.-Ing. Stefan St\u00fcmper, Pappenbergerstra\u00dfe 17, 85072 Eichst\u00e4tt<\/p>\n<p>Plataforma de la Comisi\u00f3n Europea para la resoluci\u00f3n de litigios en l\u00ednea (OS) para los consumidores: <a href=\"https:\/\/ec.europa.eu\/consumers\/odr\/\" rel=\"noopener\">https:\/\/ec.europa.eu\/consumers\/odr\/<\/a>. No estamos dispuestos ni obligados a participar en procedimientos de resoluci\u00f3n de litigios ante una junta arbitral de consumo.<\/p>\n<p><\/p>\t\t\t\t\t\t\t\t<\/div>\n\t\t\t\t<\/div>\n\t\t\t\t\t<\/div>\n\t\t<\/div>\n\t\t\t\t\t<\/div>\n\t\t<\/section>\n\t\t\t\t<\/div>\n\t\t","protected":false},"excerpt":{"rendered":"<p>Imprimir HelpYourRobotSoporte Dr.-Ing. Stefan St\u00fcmper Pappenbergerstra\u00dfe 1785072 Eichst\u00e4tt Tel\u00e9fono: +49 151 23233135E-Mail: Kontakt@HelpYourRobot.deInternet: www.HelpYourRobot.de N\u00famero de identificaci\u00f3n fiscal: DE 332<\/p>\n","protected":false},"author":1,"featured_media":0,"parent":0,"menu_order":0,"comment_status":"closed","ping_status":"closed","template":"","meta":{"_acf_changed":false,"footnotes":""},"class_list":["post-57057","page","type-page","status-publish","hentry"],"acf":[],"_links":{"self":[{"href":"https:\/\/helpyourrobot.de\/es\/wp-json\/wp\/v2\/pages\/57057","targetHints":{"allow":["GET"]}}],"collection":[{"href":"https:\/\/helpyourrobot.de\/es\/wp-json\/wp\/v2\/pages"}],"about":[{"href":"https:\/\/helpyourrobot.de\/es\/wp-json\/wp\/v2\/types\/page"}],"author":[{"embeddable":true,"href":"https:\/\/helpyourrobot.de\/es\/wp-json\/wp\/v2\/users\/1"}],"replies":[{"embeddable":true,"href":"https:\/\/helpyourrobot.de\/es\/wp-json\/wp\/v2\/comments?post=57057"}],"version-history":[{"count":0,"href":"https:\/\/helpyourrobot.de\/es\/wp-json\/wp\/v2\/pages\/57057\/revisions"}],"wp:attachment":[{"href":"https:\/\/helpyourrobot.de\/es\/wp-json\/wp\/v2\/media?parent=57057"}],"curies":[{"name":"wp","href":"https:\/\/api.w.org\/{rel}","templated":true}]}}